{"id":3410,"date":"2024-04-04T19:47:03","date_gmt":"2024-04-04T19:47:03","guid":{"rendered":"https:\/\/zledbag.com\/?post_type=product&#038;p=3410"},"modified":"2024-05-27T17:49:24","modified_gmt":"2024-05-27T17:49:24","slug":"atv-bag-can-am-g3","status":"publish","type":"product","link":"https:\/\/zledbag.com\/fr\/produit\/atv-bag-can-am-g3\/","title":{"rendered":"ATV bag Can Am G3 front"},"content":{"rendered":"<p class=\"translation-block\">SOLUTION D'EMBALLAGE PRATIQUE<br>\nADAPT\u00c9 AUX DIFF\u00c9RENTS MOD\u00c8LES<br>\nTransportez vos bagages en toute s\u00e9curit\u00e9 et au sec<br>\nMAT\u00c9RIAU CORDURA LAMIN\u00c9 IMPERM\u00c9ABLE.<br>\nFOND RENFORC\u00c9 \u00c0 3 COUCHES<br>\nFERMETURE \u00c9CLAIR R\u00c9SISTANTE \u00c0 L'EAU<br>\nPOINTS FORTS<br>\nVENDU DANS UN SAC DE M\u00caME QUALIT\u00c9 ROBUSTE<br>\nLOGOS BROD\u00c9S<br>\nASSEMBLE EN UN INSTANT<br>\nDISPOSITIF DE FIXATION LINQ POUR SAC VTT 4X4<br>\nSAC VTT 4X4 ET FIXATION MAVERICK AVEC PRISE LINKQ, NON INCLUS<\/p>","protected":false},"excerpt":{"rendered":"<p>Nouveau!<\/p>\n<p>Convient aux VTT Can Am avec cadre de charge LinQ, type G3 (nouveau type) et G2<\/p>\n<p>Les supports LinQ sont sp\u00e9cialement adapt\u00e9s au cadre.<\/p>","protected":false},"featured_media":3411,"comment_status":"open","ping_status":"closed","template":"","meta":[],"product_brand":[],"product_cat":[35],"product_tag":[55,112],"class_list":{"0":"post-3410","1":"product","2":"type-product","3":"status-publish","4":"has-post-thumbnail","6":"product_cat-can-am-atv","7":"product_tag-atv-bag-can-am","8":"product_tag-linq","10":"first","11":"onbackorder","12":"taxable","13":"shipping-taxable","14":"purchasable","15":"product-type-simple"},"_links":{"self":[{"href":"https:\/\/zledbag.com\/fr\/wp-json\/wp\/v2\/product\/3410","targetHints":{"allow":["GET"]}}],"collection":[{"href":"https:\/\/zledbag.com\/fr\/wp-json\/wp\/v2\/product"}],"about":[{"href":"https:\/\/zledbag.com\/fr\/wp-json\/wp\/v2\/types\/product"}],"replies":[{"embeddable":true,"href":"https:\/\/zledbag.com\/fr\/wp-json\/wp\/v2\/comments?post=3410"}],"wp:featuredmedia":[{"embeddable":true,"href":"https:\/\/zledbag.com\/fr\/wp-json\/wp\/v2\/media\/3411"}],"wp:attachment":[{"href":"https:\/\/zledbag.com\/fr\/wp-json\/wp\/v2\/media?parent=3410"}],"wp:term":[{"taxonomy":"product_brand","embeddable":true,"href":"https:\/\/zledbag.com\/fr\/wp-json\/wp\/v2\/product_brand?post=3410"},{"taxonomy":"product_cat","embeddable":true,"href":"https:\/\/zledbag.com\/fr\/wp-json\/wp\/v2\/product_cat?post=3410"},{"taxonomy":"product_tag","embeddable":true,"href":"https:\/\/zledbag.com\/fr\/wp-json\/wp\/v2\/product_tag?post=3410"}],"curies":[{"name":"wp","href":"https:\/\/api.w.org\/{rel}","templated":true}]}}