{"id":2438,"date":"2023-09-06T08:42:39","date_gmt":"2023-09-06T08:42:39","guid":{"rendered":"https:\/\/zledbag.com\/?post_type=product&#038;p=2438"},"modified":"2024-05-27T17:50:25","modified_gmt":"2024-05-27T17:50:25","slug":"c-force-450-625-quickmont-hurtigkobling","status":"publish","type":"product","link":"https:\/\/zledbag.com\/fr\/produit\/c-force-450-625-quickmont-hurtigkobling\/","title":{"rendered":"C Force 450, 625 &#8211; Quick connect"},"content":{"rendered":"<p class=\"translation-block\">SOLUTION D'EMBALLAGE PRATIQUE<br>\nADAPT\u00c9 AUX DIFF\u00c9RENTS MOD\u00c8LES<br>\nTransportez vos bagages en toute s\u00e9curit\u00e9 et au sec<br>\nMAT\u00c9RIAU CORDURA LAMIN\u00c9 IMPERM\u00c9ABLE<br>\nFOND RENFORC\u00c9 \u00c0 3 COUCHES<br>\nFERMETURE \u00c9CLAIR R\u00c9SISTANTE \u00c0 L'EAU<br>\nPOINTS FORTS<br>\nVENDU DANS UN SAC DE M\u00caME QUALIT\u00c9 ROBUSTE<br>\nLOGOS BROD\u00c9S<br><\/p>","protected":false},"excerpt":{"rendered":"<p>SOLUTION D'EMBALLAGE PRATIQUE.<\/p>\n<p>Sangles en nylon avec clips pour fixation interne.<\/p>","protected":false},"featured_media":2486,"comment_status":"open","ping_status":"closed","template":"","meta":[],"product_brand":[],"product_cat":[36],"product_tag":[38,37,103],"class_list":{"0":"post-2438","1":"product","2":"type-product","3":"status-publish","4":"has-post-thumbnail","6":"product_cat-cf-moto-atv-bags","7":"product_tag-atv-bags","8":"product_tag-c-force-bags","9":"product_tag-c-force","11":"first","12":"instock","13":"taxable","14":"shipping-taxable","15":"purchasable","16":"product-type-simple"},"_links":{"self":[{"href":"https:\/\/zledbag.com\/fr\/wp-json\/wp\/v2\/product\/2438","targetHints":{"allow":["GET"]}}],"collection":[{"href":"https:\/\/zledbag.com\/fr\/wp-json\/wp\/v2\/product"}],"about":[{"href":"https:\/\/zledbag.com\/fr\/wp-json\/wp\/v2\/types\/product"}],"replies":[{"embeddable":true,"href":"https:\/\/zledbag.com\/fr\/wp-json\/wp\/v2\/comments?post=2438"}],"wp:featuredmedia":[{"embeddable":true,"href":"https:\/\/zledbag.com\/fr\/wp-json\/wp\/v2\/media\/2486"}],"wp:attachment":[{"href":"https:\/\/zledbag.com\/fr\/wp-json\/wp\/v2\/media?parent=2438"}],"wp:term":[{"taxonomy":"product_brand","embeddable":true,"href":"https:\/\/zledbag.com\/fr\/wp-json\/wp\/v2\/product_brand?post=2438"},{"taxonomy":"product_cat","embeddable":true,"href":"https:\/\/zledbag.com\/fr\/wp-json\/wp\/v2\/product_cat?post=2438"},{"taxonomy":"product_tag","embeddable":true,"href":"https:\/\/zledbag.com\/fr\/wp-json\/wp\/v2\/product_tag?post=2438"}],"curies":[{"name":"wp","href":"https:\/\/api.w.org\/{rel}","templated":true}]}}