{"id":1251,"date":"2023-07-09T16:43:18","date_gmt":"2023-07-09T16:43:18","guid":{"rendered":"https:\/\/zledbag.com?post_type=product&#038;p=1251"},"modified":"2024-05-27T17:56:41","modified_gmt":"2024-05-27T17:56:41","slug":"zledbag-750-liter","status":"publish","type":"product","link":"https:\/\/zledbag.com\/fr\/produit\/zledbag-750-liter\/","title":{"rendered":"Zledbag  - 750 litres"},"content":{"rendered":"<p class=\"translation-block\">PRACTICAL PACKAGING SOLUTION<br>\r\nADAPTED TO THE DIFFERENT MODELS<br>\r\nCARRY YOUR LUGGAGE SAFE AND DRY<br>\r\nWATERPROOF, LAMINATED CORDURA MATERIAL<br>\r\n3-LAYER REINFORCED BOTTOM<br>\r\nWATER RESISTANT ZIPPER<br>\r\nSTRONG STITCHES<br>\r\nCOMES IN A BAG WITH THE SAME ROBUST QUALITY<br>\r\nEMBROIDERED LOGOS<br>\r\nASSEMBLES IN A MOMENT<br>\r\n1000 XP, 6X6, MIDZIZE AND FULL ZIZE MUST BE ATTACHED WITH LOCK AND RIDE, NOT INCLUDED.<\/p>","protected":false},"excerpt":{"rendered":"<p>SOLUTION D'EMBALLAGE PRATIQUE. Test\u00e9 et d\u00e9velopp\u00e9 en collaboration avec Nina (Institut norv\u00e9gien pour la recherche naturelle) et la Home Guard norv\u00e9gienne.<\/p>","protected":false},"featured_media":1252,"comment_status":"open","ping_status":"closed","template":"","meta":[],"product_brand":[],"product_cat":[67],"product_tag":[69,68,70],"class_list":{"0":"post-1251","1":"product","2":"type-product","3":"status-publish","4":"has-post-thumbnail","6":"product_cat-snowmobile","7":"product_tag-pakkeutstyr-slede","8":"product_tag-slede","9":"product_tag-zledbag","11":"first","12":"onbackorder","13":"taxable","14":"shipping-taxable","15":"purchasable","16":"product-type-simple"},"_links":{"self":[{"href":"https:\/\/zledbag.com\/fr\/wp-json\/wp\/v2\/product\/1251","targetHints":{"allow":["GET"]}}],"collection":[{"href":"https:\/\/zledbag.com\/fr\/wp-json\/wp\/v2\/product"}],"about":[{"href":"https:\/\/zledbag.com\/fr\/wp-json\/wp\/v2\/types\/product"}],"replies":[{"embeddable":true,"href":"https:\/\/zledbag.com\/fr\/wp-json\/wp\/v2\/comments?post=1251"}],"wp:featuredmedia":[{"embeddable":true,"href":"https:\/\/zledbag.com\/fr\/wp-json\/wp\/v2\/media\/1252"}],"wp:attachment":[{"href":"https:\/\/zledbag.com\/fr\/wp-json\/wp\/v2\/media?parent=1251"}],"wp:term":[{"taxonomy":"product_brand","embeddable":true,"href":"https:\/\/zledbag.com\/fr\/wp-json\/wp\/v2\/product_brand?post=1251"},{"taxonomy":"product_cat","embeddable":true,"href":"https:\/\/zledbag.com\/fr\/wp-json\/wp\/v2\/product_cat?post=1251"},{"taxonomy":"product_tag","embeddable":true,"href":"https:\/\/zledbag.com\/fr\/wp-json\/wp\/v2\/product_tag?post=1251"}],"curies":[{"name":"wp","href":"https:\/\/api.w.org\/{rel}","templated":true}]}}